{"id":7032,"date":"2020-04-22T17:24:36","date_gmt":"2020-04-22T17:24:36","guid":{"rendered":"https:\/\/lermaprojects.com\/?page_id=7032"},"modified":"2020-04-22T17:24:37","modified_gmt":"2020-04-22T17:24:37","slug":"politica-de-cookies","status":"publish","type":"page","link":"https:\/\/lermaprojects.com\/en\/contacto\/politica-de-cookies\/","title":{"rendered":"Pol\u00edtica de cookies"},"content":{"rendered":"\n<p>\n<strong>1. Tipos de datos procesados \/\nEnlaces a otras p\u00e1ginas web<\/strong><\/p>\n\n\n\n<p>\nLa Web respeta su privacidad. A\ntrav\u00e9s de este Sitio La Web no recoge ni procesa ning\u00fan tipo de\ndatos personales, excepto los recogidos a trav\u00e9s de los formularios\nde contacto y las cookies, seg\u00fan se explica a continuaci\u00f3n.<\/p>\n\n\n\n<p>\nEste Sitio puede contener enlaces\na otras p\u00e1ginas web de otras empresas vinculadas o medios sociales.\nAl pulsar sobre un enlace a otra p\u00e1gina web de La Web o de terceros\nrelacionados, recuerde que estas p\u00e1ginas tienen su propia pol\u00edtica\nde privacidad. Por favor, antes de usar estas p\u00e1ginas web conozca su\npol\u00edtica de privacidad.<\/p>\n\n\n\n<p>\nLa Web no asume ninguna\nresponsabilidad de ning\u00fan tipo sobre las p\u00e1ginas web de terceros\nque aparezcan vinculadas en este Sitio.<\/p>\n\n\n\n<p>\n<strong>2. Recogida y uso de la\ninformaci\u00f3n<\/strong><\/p>\n\n\n\n<p>\nPara mejorar este Sitio, en\nt\u00e9rminos de rendimiento del sistema y facilidad de uso, as\u00ed como\npara proporcionar informaci\u00f3n \u00fatil sobre nuestros productos y\nservicios, recogemos autom\u00e1ticamente y almacenamos informaci\u00f3n en\nlos archivos de registro (log files) de su ordenador.<\/p>\n\n\n\n<p>\n<em><strong>\u00bfQu\u00e9 tipo de datos\nincluye esta informaci\u00f3n? <\/strong><\/em>(1)<\/p>\n\n\n\n<ul><li>\n\tsu direcci\u00f3n IP\n\t<\/li><li>\n\ttipo de navegador\n\t<\/li><li>\n\tidioma seleccionado\n\t<\/li><li>\n\tsistema operativo\n\t<\/li><li>\n\tproveedor de servicios de\n\tInternet (ISP)\n\t<\/li><li>\n\tfecha\/hora.\n<\/li><\/ul>\n\n\n\n<p>\n<em><strong>\u00bfCon qu\u00e9 finalidad usamos\nesta informaci\u00f3n?<\/strong><\/em><\/p>\n\n\n\n<p>\nEsta informaci\u00f3n se emplea de\nforma global para mejorar la gesti\u00f3n de este Sitio, analizar las\ntendencias y recoger datos demogr\u00e1ficos sobre nuestros usuarios. La\ninformaci\u00f3n recogida puede ser usada por nuestros servicios de\nmarketing, publicidad y comunicaci\u00f3n (por ejemplo, para optimizar y\nmejorar la experiencia del usuario y\/o presentar ofertas especiales,\nestudios estad\u00edsticos y servicios m\u00e1s atractivos).<\/p>\n\n\n\n<p>\nSi la informaci\u00f3n no personal es\nutilizada en combinaci\u00f3n con los Datos Personales, el conjunto es\ntratado como Datos Personales.<\/p>\n\n\n\n<p>\n<strong>3. Uso de cookies<\/strong><\/p>\n\n\n\n<p>\nPara optimizar nuestros\nservicios, este Sitio, los mensajes enviados por correo electr\u00f3nico,\nlos servicios online, los anuncios y las aplicaciones interactivas\npueden utilizar \u201ccookies\u201d<\/p>\n\n\n\n<p>\n<em><strong>\u00bfQu\u00e9 es una cookie?<\/strong><\/em><\/p>\n\n\n\n<p>\nUna cookie es un fichero (peque\u00f1o\narchivo) que se descarga en su ordenador al acceder a determinadas\np\u00e1ginas web, normalmente formado por letras y n\u00fameros, enviado por\nel servidor de nuestra web al archivo de cookies de su navegador. Las\ncookies permiten a nuestra p\u00e1gina web, entre otras cosas, almacenar\ny recuperar informaci\u00f3n sobre sus h\u00e1bitos de navegaci\u00f3n o de su\nequipo y recordar su presencia al establecerse una nueva conexi\u00f3n\nentre nuestro servidor y su navegador. El principal prop\u00f3sito de una\ncookie es permitir a nuestro servidor presentar p\u00e1ginas web\npersonalizadas que puedan convertir la visita a la web de La Web en\nuna experiencia individual y ajustada a las preferencias personales.<\/p>\n\n\n\n<p>\n<em><strong>\u00bfQu\u00e9 tipo de cookies\nexisten? <\/strong><\/em>\n<\/p>\n\n\n\n<p>\n1.) Seg\u00fan el tiempo de\npermanencia:<\/p>\n\n\n\n<p>\n&#8211; Cookies de sesi\u00f3n: son cookies\ntemporales que permanecen en el archivo de cookies de su navegador\nmientras est\u00e1 en nuestra p\u00e1gina web. Estas cookies son necesarios\npara ciertas aplicaciones o funciones y permiten que este Sitio\nfuncione adecuadamente.<\/p>\n\n\n\n<p>\n&#8211; Cookies persistentes: favorecen\nla experiencia como usuario (por ejemplo, ofreciendo una navegaci\u00f3n\npersonalizada). Estas cookies permanecen en su navegador durante un\nperiodo de tiempo m\u00e1s amplio. Este periodo depende de los ajustes\nque haya introducido en su navegador. Las cookies persistentes\npermiten que la informaci\u00f3n sea transferida al servidor de este\nSitio cada vez que lo visita. Tambi\u00e9n se conocen como cookies de\nseguimiento.<\/p>\n\n\n\n<p>\n2.) Seg\u00fan la finalidad para la\nque se tratan los datos obtenidos:<\/p>\n\n\n\n<p>\n&#8211; Cookies t\u00e9cnicas: Son aqu\u00e9llas\nque le permiten la navegaci\u00f3n a trav\u00e9s de una p\u00e1gina web,\nplataforma o aplicaci\u00f3n y la utilizaci\u00f3n de las diferentes opciones\no servicios que en esta existen como, por ejemplo, el control del\ntr\u00e1fico y la comunicaci\u00f3n de datos, identificar la sesi\u00f3n, acceder\na partes de acceso restringido, recordar los elementos que integran\nun pedido, realizar el proceso de compra de un pedido, realizar la\nsolicitud de inscripci\u00f3n o participaci\u00f3n en un evento, utilizar\nelementos de seguridad durante la navegaci\u00f3n, almacenar contenidos\npara la difusi\u00f3n de videos o sonido o compartir contenidos a trav\u00e9s\nde redes sociales.<\/p>\n\n\n\n<p>\n&#8211; Cookies de personalizaci\u00f3n:\nSon aqu\u00e9llas que le permiten acceder al servicio con algunas\ncaracter\u00edsticas de car\u00e1cter general predefinidas en funci\u00f3n de una\nserie de criterios en el terminal su (por ejemplo el idioma, el tipo\nde navegador a trav\u00e9s del cual accede al servicio, la configuraci\u00f3n\nregional desde donde accede al servicio, etc).<\/p>\n\n\n\n<p>\n&#8211; Cookies de an\u00e1lisis: Son\naqu\u00e9llas que bien tratadas por nosotros o por terceros, nos permiten\ncuantificar el n\u00famero de usuarios y as\u00ed realizar la medici\u00f3n y\nan\u00e1lisis estad\u00edstico de la utilizaci\u00f3n que hacen los usuarios del\nservicio ofertado. Para ello se analiza su navegaci\u00f3n en nuestra\np\u00e1gina web con el fin de mejorar la oferta de productos o servicios\nque le ofrecemos.<\/p>\n\n\n\n<p>\n&#8211; Cookies publicitarias: Son\naqu\u00e9llas que, bien tratadas por nosotros o por terceros, nos\npermiten gestionar de la forma m\u00e1s eficaz posible la oferta de los\nespacios publicitarios que hay en la p\u00e1gina web, adecuando el\ncontenido del anuncio al contenido del servicio solicitado o al uso\nque realice de nuestra p\u00e1gina web. Para ello podemos analizar sus\nh\u00e1bitos de navegaci\u00f3n en Internet y podemos mostrarle publicidad\nrelacionada con su perfil de navegaci\u00f3n.<\/p>\n\n\n\n<p>\n&#8211; Cookies de publicidad\ncomportamental: Son aqu\u00e9llas que, bien tratadas por nosotros o por\nterceros, nos permiten la gesti\u00f3n, de la forma m\u00e1s eficaz posible,\nde los espacios publicitarios que, en su caso, pudieran estar\nincluidos en este Sitio desde el que se presta el servicio\nsolicitado. Estas cookies almacenan informaci\u00f3n de su comportamiento\nobtenida a trav\u00e9s de la observaci\u00f3n continuada de sus h\u00e1bitos de\nnavegaci\u00f3n, lo que nos permite desarrollar un perfil espec\u00edfico\npara mostrar la publicidad en funci\u00f3n del mismo.<\/p>\n\n\n\n<p>\n<strong>Cookies propias usadas en la\nweb:&nbsp; <\/strong>(1)<\/p>\n\n\n\n<figure class=\"wp-block-table\"><table class=\"\"><tbody><tr><td>\n\t\t\t<strong>Cookie<\/strong>\n\t\t<\/td><td>\n\t\t\t<strong>Finalidad de la cookie<\/strong>\n\t\t<\/td><td>\n\t\t\t<strong>Duraci\u00f3n<\/strong>\n\t\t<\/td><td>\n\t\t\t<strong>Descripci\u00f3n de la\n\t\t\tfinalidad de la cookie<\/strong>\n\t\t<\/td><\/tr><tr><td>\n\t\t\tscnb-cookie-terms\n\t\t<\/td><td>\n\t\t\t<strong>T\u00e9cnica<\/strong>\n\t\t<\/td><td>\n\t\t\t<strong>1 a\u00f1o<\/strong>\n\t\t<\/td><td>\n\t\t\tIndicar al usuario la\n\t\t\tpresencia del uso de cookies y posibilitar la aceptaci\u00f3n del uso\n\t\t\tde las mismas\n\t\t<\/td><\/tr><tr><td>\n\t\t\t_utma\n\t\t<\/td><td>\n\t\t\tAn\u00e1lisis\n\t\t<\/td><td>\n\t\t\t2 a\u00f1os\n\t\t<\/td><td>\n\t\t\tMedici\u00f3n Interna con Google\n\t\t\tAnalytics\n\t\t<\/td><\/tr><tr><td>\n\t\t\t_utmb\n\t\t<\/td><td>\n\t\t\tAn\u00e1lisis\n\t\t<\/td><td>\n\t\t\t1 d\u00eda\n\t\t<\/td><td>\n\t\t\tMedici\u00f3n Interna con Google\n\t\t\tAnalytics\n\t\t<\/td><\/tr><tr><td>\n\t\t\t_utmc\n\t\t<\/td><td>\n\t\t\tAn\u00e1lisis\n\t\t<\/td><td>\n\t\t\tAl finalizar la sesi\u00f3n de\n\t\t\tnavegaci\u00f3n\n\t\t<\/td><td>\n\t\t\tMedici\u00f3n Interna con Google\n\t\t\tAnalytics\n\t\t<\/td><\/tr><tr><td>\n\t\t\t_utmt\n\t\t<\/td><td>\n\t\t\tEstad\u00edstica\n\t\t<\/td><td>\n\t\t\t1 d\u00eda\n\t\t<\/td><td>\n\t\t\tEstablecimiento de\n\t\t\testad\u00edsticas de uso de las p\u00e1ginas\n\t\t<\/td><\/tr><tr><td>\n\t\t\t_utmv\n\t\t<\/td><td>\n\t\t\tAn\u00e1lisis\n\t\t<\/td><td>\n\t\t\t1 d\u00eda\n\t\t<\/td><td>\n\t\t\tAlmacenamiento de datos de\n\t\t\tvariables personalizadas de visitante\n\t\t<\/td><\/tr><tr><td>\n\t\t\t_utmz\n\t\t<\/td><td>\n\t\t\tAn\u00e1lisis\n\t\t<\/td><td>\n\t\t\t6 meses\n\t\t<\/td><td>\n\t\t\tMedici\u00f3n Interna con Google\n\t\t\tAnalytics\n\t\t<\/td><\/tr><tr><td>\n\t\t\t_ga\n\t\t<\/td><td>\n\t\t\tAn\u00e1lisis\n\t\t<\/td><td>\n\t\t\t2 a\u00f1os\n\t\t<\/td><td>\n\t\t\tPermite distinguir a los\n\t\t\tUsuarios que navegan por el sitio web pero sin conocer la\n\t\t\tidentidad (Medici\u00f3n Interna con Google Analytics)\n\t\t<\/td><\/tr><tr><td>\n\t\t\tbeng_proxy_session\n\t\t<\/td><td>\n\t\t\tSesi\u00f3n\n\t\t<\/td><td>\n\t\t\tAl finalizar la sesi\u00f3n de\n\t\t\tnavegaci\u00f3n\n\t\t<\/td><td>\n\t\t\tControl de sesi\u00f3n\n\t\t<\/td><\/tr><tr><td>\n\t\t\tcdp-cookies-plugin-wp\n\t\t<\/td><td>\n\t\t\tPersonalizaci\u00f3n\n\t\t<\/td><td>\n\t\t\t1 a\u00f1o\n\t\t<\/td><td>\n\t\t\tUtilizada para mostrar o no el\n\t\t\taviso de pol\u00edtica de cookies seg\u00fan si ya se ha aceptado o no\n\t\t<\/td><\/tr><tr><td>\n\t\t\t&nbsp;\n\t\t<\/td><td>\n\t\t\t&nbsp;\n\t\t<\/td><td>\n\t\t\t&nbsp;\n\t\t<\/td><td>\n\t\t\t&nbsp;\n\t\t<\/td><\/tr><\/tbody><\/table><\/figure>\n\n\n\n<p>\n<br>\n<strong>4.\nCookies de terceros<\/strong><\/p>\n\n\n\n<p>\nPara mostrar publicidad y\nrealizar el seguimiento de nuestras comunicaciones de marketing, La\nWeb puede usar medios de terceros. Estos usan los cookies para medir\nla efectividad de los anuncios y personalizar su contenido. La\ninformaci\u00f3n que puede ser recogida por terceros puede incluir datos\ntales como la localizaci\u00f3n geogr\u00e1fica (a trav\u00e9s de la direcci\u00f3n\nIP), datos de contacto o, s\u00f3lo si es introducida a trav\u00e9s de este\nSitio, la direcci\u00f3n de correo electr\u00f3nico.<\/p>\n\n\n\n<p>\n<strong>5. Seguimiento y An\u00e1lisis<\/strong><\/p>\n\n\n\n<p>\nPara la continua optimizaci\u00f3n de\nsus comunicaciones de marketing, La Web emplea el software anal\u00edtico\nGoogle Analytics. Esta tecnolog\u00eda permite conocer el comportamiento\nonline del visitante en t\u00e9rminos de tiempo, localizaci\u00f3n geogr\u00e1fica\ny uso de este Sitio. La informaci\u00f3n se recoge a trav\u00e9s de pixels\ntags y\/o cookies de seguimiento. Esta informaci\u00f3n es an\u00f3nima, no es\nvinculada con los datos personales y La Web no la comparte con\nterceros para su uso independiente. Toda la informaci\u00f3n necesaria\npara el an\u00e1lisis es almacenada en los servidores en Google.<\/p>\n\n\n\n<p>\n<strong>6. Habilitaci\u00f3n y\ndeshabilitaci\u00f3n de los cookies y de recursos similares<\/strong><\/p>\n\n\n\n<p>\nRecuerde que ciertas funciones y\nla plena funcionalidad de este Sitio pueden no estar disponibles\ndespu\u00e9s de deshabilitar los cookies. Puede usted permitir, bloquear\no eliminar las cookies instaladas en su equipo mediante la\nconfiguraci\u00f3n de las opciones del navegador instalado en su\nordenador.<\/p>\n\n\n\n<p>\n&#8211; Si utiliza <strong>Mozilla\nFirefox:<\/strong>Men\u00fa\nherramientas, opciones, privacidad, historial, configuraci\u00f3n\npersonalizada.<\/p>\n\n\n\n<p>\n&#8211; Si usa <strong>Internet\nExplorer<\/strong>: Men\u00fa\nherramientas, opciones de internet, privacidad, configuraci\u00f3n.<\/p>\n\n\n\n<p>\n&#8211; Si utiliza <strong>Google\nChrome<\/strong>: Men\u00fa\nconfiguraci\u00f3n, mostrar opciones avanzadas, privacidad, configuraci\u00f3n\nde contenido.<\/p>\n\n\n\n<p>\n&#8211; Si utiliza <strong>Safari<\/strong>:\nMen\u00fa preferencias, seguridad.<\/p>\n\n\n\n<p>\n<strong>7. Cambios en nuestra Pol\u00edtica\nde Privacidad<\/strong><\/p>\n\n\n\n<p>\nCualquier cambio que en el futuro\npodamos introducir en nuestra pol\u00edtica de privacidad ser\u00e1\ncomunicado en esta p\u00e1gina. De este modo, podr\u00e1 comprobar\nregularmente las actualizaciones o cambios en nuestra pol\u00edtica de\nprivacidad.<\/p>\n\n\n\n<p>\n<strong>8. Contacto<\/strong><\/p>\n\n\n\n<p>\nResponsable:\nLERMA PROJECTS,\nS.L. \u2013 CIF: B57818353<\/p>\n\n\n\n<p>\n&#8211; Tel\u00e9fono de contacto: +34 971\n896 555<br>\n&#8211; Correo electr\u00f3nico: info@lermaprojects.com<\/p>\n\n\n\n<p>\n&#8211; Direcci\u00f3n postal:  C\/ Isaac\nPeral, 58, local 2, 07157 Port d&#8217;Andratx<\/p>\n\n\n\n<p>\nTambi\u00e9n puede contactar con\nnosotros para acceder a cualquier informaci\u00f3n personal que hayamos\nrecogido a trav\u00e9s de este Sitio o para ejercer su derecho de\nrectificaci\u00f3n, bloqueo o anulaci\u00f3n de esta informaci\u00f3n.<\/p>\n\n\n\n<p>\nConsulte nuestras Condiciones de\nUso, Aviso Legal y Pol\u00edtica de Privacidad para conocer todos los\ndatos referentes al propietario de la Web y el uso que hacemos de sus\ndatos.<\/p>\n\n\n\n<p>\nLa Web realiza todos los\nesfuerzos razonables para asegurar que el contenido del Sitio es\npreciso y vigente.<\/p>\n\n\n\n<p>\n<strong>9. Web beacons o pixel tags&nbsp;<\/strong>\n(2)<\/p>\n\n\n\n<p>\nEste Sitio utiliza web beacons\n(tambi\u00e9n denominados \u201cp\u00edxel tags\u201d). Un web beacon es una imagen\ngr\u00e1fica transparente, normalmente no mayor de 1 x 1 pixel, que se\nsit\u00faa en una p\u00e1gina web o en un e-mail para monitorizar el\ncomportamiento online del usuario que visita la p\u00e1gina web.<\/p>\n\n\n\n<p>\nEstas im\u00e1genes emplean\nprincipalmente tecnolog\u00edas de terceros, en el caso de este Sitio se\nusan para monitorizar la actividad de los visitantes, como conocer\nqu\u00e9 p\u00e1ginas del Sitio visita, cu\u00e1ndo y desde d\u00f3nde (pa\u00eds\/ciudad).<\/p>\n","protected":false},"excerpt":{"rendered":"<p>1. Tipos de datos procesados \/ Enlaces a otras p\u00e1ginas web La Web respeta su privacidad. A trav\u00e9s de este Sitio La Web no recoge ni procesa ning\u00fan tipo de datos personales, excepto los recogidos a trav\u00e9s de los formularios de contacto y las cookies, seg\u00fan se explica a continuaci\u00f3n. Este Sitio puede contener enlaces&#8230;<\/p>\n","protected":false},"author":1,"featured_media":6934,"parent":155,"menu_order":0,"comment_status":"closed","ping_status":"closed","template":"","meta":{"footnotes":""},"_links":{"self":[{"href":"https:\/\/lermaprojects.com\/en\/wp-json\/wp\/v2\/pages\/7032"}],"collection":[{"href":"https:\/\/lermaprojects.com\/en\/wp-json\/wp\/v2\/pages"}],"about":[{"href":"https:\/\/lermaprojects.com\/en\/wp-json\/wp\/v2\/types\/page"}],"author":[{"embeddable":true,"href":"https:\/\/lermaprojects.com\/en\/wp-json\/wp\/v2\/users\/1"}],"replies":[{"embeddable":true,"href":"https:\/\/lermaprojects.com\/en\/wp-json\/wp\/v2\/comments?post=7032"}],"version-history":[{"count":2,"href":"https:\/\/lermaprojects.com\/en\/wp-json\/wp\/v2\/pages\/7032\/revisions"}],"predecessor-version":[{"id":7034,"href":"https:\/\/lermaprojects.com\/en\/wp-json\/wp\/v2\/pages\/7032\/revisions\/7034"}],"up":[{"embeddable":true,"href":"https:\/\/lermaprojects.com\/en\/wp-json\/wp\/v2\/pages\/155"}],"wp:featuredmedia":[{"embeddable":true,"href":"https:\/\/lermaprojects.com\/en\/wp-json\/wp\/v2\/media\/6934"}],"wp:attachment":[{"href":"https:\/\/lermaprojects.com\/en\/wp-json\/wp\/v2\/media?parent=7032"}],"curies":[{"name":"wp","href":"https:\/\/api.w.org\/{rel}","templated":true}]}}