{"id":7093,"date":"2020-10-27T15:08:57","date_gmt":"2020-10-27T15:08:57","guid":{"rendered":"https:\/\/lermaprojects.com\/?page_id=7093"},"modified":"2020-10-27T15:08:57","modified_gmt":"2020-10-27T15:08:57","slug":"impressum-datenschutz","status":"publish","type":"page","link":"https:\/\/lermaprojects.com\/de\/kontakt\/impressum-datenschutz\/","title":{"rendered":"Impressum &#038; Datenschutz"},"content":{"rendered":"\n<p>Adresse:<br>\nLerma Projects S.L. mit CIF B57818353 in der Calle Isaac Peral, 58 &#8211; LOC 2, 07157 Port Andratx,<br>\nBalearische Inseln.<br>\nTel. +34 971 896 555<br>\ninfo@lermaprojects.com<br>\nwww.lermaprojects.com<\/p>\n\n\n\n<p><strong>Urheberrecht<\/strong><br> Lerma Projects S.L. Produkte und Leistungen sind durch das spanische Urheberrecht gesch\u00fctzt. Die<br> auf dieser Website enthaltenen Informationen, Fotos, Texte oder Grafiken d\u00fcrfen ohne<br> ausdr\u00fcckliche schriftliche Genehmigung von Lerma Projects S.L. in keiner Weise kopiert, verliehen<br> oder weitergegeben werden. Jede Reproduktion oder Ver\u00e4nderung mit heutigen technischen Mitteln<br> ist ohne die schriftliche Erlaubnis streng verboten und wird mit allen rechtlichen Mitteln verfolgt und<br> zur Anzeige gebracht.<\/p>\n\n\n\n<p><strong>Haftungsausschluss<br><\/strong> Trotz inhaltlicher Kontrolle \u00fcbernehmen wir keine Haftung f\u00fcr die Vollst\u00e4ndigkeit, Richtigkeit und<br> Aktualit\u00e4t der Website und f\u00fcr die Inhalte externer Links, f\u00fcr Forenbeitr\u00e4ge und f\u00fcr die auf dem<br> Portal eingestellten Angebote. F\u00fcr den Inhalt der verlinkten Seiten sind ausschlie\u00dflich deren<br> Betreiber verantwortlich, f\u00fcr Forenbeitr\u00e4ge die Verfasser und f\u00fcr eingestellte Angebote die Anbieter.<\/p>\n\n\n\n<p><strong>DATENSCHUTZ<\/strong><\/p>\n\n\n\n<ol><li>WER IST F\u00dcR DIE VERARBEITUNG IHRER DATEN VERANTWORTLICH?<br>\nVerantwortlich f\u00fcr die Datenverarbeitung ist Lerma Projects S.L mit B\u00fcro in der Calle Isaac Peral, 58 &#8211;<br>\nLOC 2, 07157 Port Andratx, Balearische Inseln und E-Mail info@lermaprojects.com.<\/li><li>ZU WELCHEM ZWECK VERWENDEN WIR IHRE DATEN?<br>\nWir werden Ihre Daten (die wir online \u00fcber unsere Web-Seite www.lermaprojects.com, oder<br>\npers\u00f6nlich in unseren B\u00fcros erhalten haben), verwenden, um unsere Dienstleistung in Bezug auf den<br>\nKauf\/Verkauf von Immobilien, Grundst\u00fccken und Bauleistung auszuf\u00fchren. Diese Daten erm\u00f6glichen<br>\nes uns, Ihre Anfragen bez\u00fcglich der Suche nach Immobilien gem\u00e4\u00df den von Ihnen angegebenen<br>\nParametern zu erf\u00fcllen.<br>\nAuch und wann immer Sie zustimmen, k\u00f6nnen wir Ihre Daten verwenden, um Sie \u00fcber alle<br>\nNachrichten und Artikel von Interesse, in Bezug auf den Immobilienmarkt zu informieren, indem wir<br>\nWerbe-, Handels- oder Newsletter versenden.<\/li><li>WIE LANGE BEHALTEN WIR IHRE DATEN?<br>\nLerma Projects S.L bewahrt personenbezogene Daten so lange wie n\u00f6tig, um den Zweck zu erf\u00fcllen,<br>\nf\u00fcr die sie erhoben wurden, wobei die Aufbewahrungsfristen beachtet werden, die durch die g\u00fcltige<br>\nRechtsprechung vorgeschrieben sind, und in jedem Fall f\u00fcr maximal zwei Jahre.<br>\nF\u00fcr den Fall, dass Sie unseren Newsletter abonniert haben, werden Ihre pers\u00f6nlichen Daten so lange<br>\nspeichern, wie Sie diesen nicht abbestellen.<\/li><li>WAS IST DIE LEGITIMATION ZUR BEHANDLUNG IHRER DATEN?<br>\nDie rechtliche Grundlage f\u00fcr die Bearbeitung Ihrer Daten ist die Erbringung der jeweils durch den<br>\nNutzer erforderten Dienstleistung.<br>\nDie Rechtsgrundlage f\u00fcr die Behandlung von Daten zu kommerziellen oder verkaufsf\u00f6rdernden<br>\nZwecken ist die Einwilligung, die von dem Betroffenen erbeten wird, ohne dass die Erbringung der<br>\nangeforderten Dienstleistungen widerrufen wird.<\/li><li>WER SIND DIE ADRESSATEN IHRER DATEN?<br>\nEs werden keine Daten an Dritte \u00fcbertragen, au\u00dfer es handelt sich um eine gesetzliche<br>\nVerpflichtung.<\/li><li>Was sind Ihre Rechte, wenn Sie uns Ihre Daten zur Verf\u00fcgung stellen?<br>\nJeder hat das Recht, eine Best\u00e4tigung dar\u00fcber zu erhalten, ob Lerma Projects S.L pers\u00f6nliche<br>\nInformationen behandelt, die ihn betreffen oder nicht. Interessierte Parteien haben das Recht, auf<br>\nIhre pers\u00f6nlichen Daten zuzugreifen und die Berichtigung unrichtiger Daten zu verlangen, oder<br>\ngegebenenfalls die L\u00f6schung zu beantragen, wenn, unter anderem, die Daten nicht mehr ben\u00f6tigt<br>\nwerden f\u00fcr die Zwecke, f\u00fcr die sie erhoben wurden. Unter bestimmten Umst\u00e4nden k\u00f6nnen die<br>\ninteressierten Parteien die Einschr\u00e4nkung der Verarbeitung ihrer Daten verlangen, in diesem Fall<br>\nwerden sie nur f\u00fcr die Aus\u00fcbung oder Verteidigung von Anspr\u00fcchen zur\u00fcckbehalten. Ebenso haben<br>\ndie interessierten Parteien das Recht, sich der Verarbeitung ihrer Daten und ihrer \u00dcbertragbarkeit zu<br>\nwidersetzen. Dieses Recht kann ausge\u00fcbt werden, gegebenenfalls mittels einer schriftlichen und<br>\nunterzeichneten Anforderung an die folgende Adresse: Calle Isaac Peral, 58 &#8211; LOC 2, 07157 Port<br>\nAndratx, Balearische Inseln, oder durch das Senden einer E-Mail an info@lermaprojects.com. Dieser<br>\nAntrag muss den Namen und den Familiennamen der interessierten Partei, Adresse f\u00fcr die Zwecke<br>\nder Mitteilungen, Fotokopie des DNI oder Reisepasses und einen Antrag enthalten, in dem die<br>\nAnfrage erl\u00e4utert wird. Benutzer auch haben das Recht, bei der zust\u00e4ndigen Kontrollbeh\u00f6rde einen<br>\nAntrag zu stellen.<\/li><\/ol>\n","protected":false},"excerpt":{"rendered":"<p>Adresse: Lerma Projects S.L. mit CIF B57818353 in der Calle Isaac Peral, 58 &#8211; LOC 2, 07157 Port Andratx, Balearische Inseln. Tel. +34 971 896 555 info@lermaprojects.com www.lermaprojects.com Urheberrecht Lerma Projects S.L. Produkte und Leistungen sind durch das spanische Urheberrecht gesch\u00fctzt. Die auf dieser Website enthaltenen Informationen, Fotos, Texte oder Grafiken d\u00fcrfen ohne ausdr\u00fcckliche schriftliche&#8230;<\/p>\n","protected":false},"author":1,"featured_media":5638,"parent":6203,"menu_order":0,"comment_status":"closed","ping_status":"closed","template":"","meta":{"footnotes":""},"_links":{"self":[{"href":"https:\/\/lermaprojects.com\/de\/wp-json\/wp\/v2\/pages\/7093"}],"collection":[{"href":"https:\/\/lermaprojects.com\/de\/wp-json\/wp\/v2\/pages"}],"about":[{"href":"https:\/\/lermaprojects.com\/de\/wp-json\/wp\/v2\/types\/page"}],"author":[{"embeddable":true,"href":"https:\/\/lermaprojects.com\/de\/wp-json\/wp\/v2\/users\/1"}],"replies":[{"embeddable":true,"href":"https:\/\/lermaprojects.com\/de\/wp-json\/wp\/v2\/comments?post=7093"}],"version-history":[{"count":1,"href":"https:\/\/lermaprojects.com\/de\/wp-json\/wp\/v2\/pages\/7093\/revisions"}],"predecessor-version":[{"id":7094,"href":"https:\/\/lermaprojects.com\/de\/wp-json\/wp\/v2\/pages\/7093\/revisions\/7094"}],"up":[{"embeddable":true,"href":"https:\/\/lermaprojects.com\/de\/wp-json\/wp\/v2\/pages\/6203"}],"wp:featuredmedia":[{"embeddable":true,"href":"https:\/\/lermaprojects.com\/de\/wp-json\/wp\/v2\/media\/5638"}],"wp:attachment":[{"href":"https:\/\/lermaprojects.com\/de\/wp-json\/wp\/v2\/media?parent=7093"}],"curies":[{"name":"wp","href":"https:\/\/api.w.org\/{rel}","templated":true}]}}